{"id":721,"date":"2020-08-09T09:25:14","date_gmt":"2020-08-09T06:25:14","guid":{"rendered":"https:\/\/letsspeaktogether.marketup.pro\/product\/learn-russian-private-lessons\/"},"modified":"2021-10-12T22:39:23","modified_gmt":"2021-10-12T19:39:23","slug":"learn-russian-private-lessons","status":"publish","type":"product","link":"https:\/\/letsspeaktogether.com\/fr\/produit-2\/learn-russian-private-lessons\/","title":{"rendered":"Russe \u2013 Le\u00e7ons priv\u00e9es"},"content":{"rendered":"","protected":false},"excerpt":{"rendered":"<h4>Apprendre le russe priv\u00e9<\/h4>\n<p>Cours de russe en ligne individuels avec les tuteurs les plus exp\u00e9riment\u00e9s, programme personnalis\u00e9 et horaires flexibles.<\/p>\n<p>Choisissez le niveau et le nombre de le\u00e7ons qui correspondent le mieux \u00e0 vos besoins ou\u00a0<a href=\"https:\/\/letsspeaktogether.com\/fr\/request-your-free-lesson\/\">Demandez une le\u00e7on gratuite<\/a>\u00a0qui permettra \u00e0 l'enseignant d'\u00e9valuer le niveau de vos connaissances et de vous aider \u00e0 choisir le forfait qui vous convient le mieux.<\/p>","protected":false},"featured_media":2560,"template":"","meta":[],"product_brand":[],"product_cat":[23,40],"product_tag":[60],"class_list":{"0":"post-721","1":"product","2":"type-product","3":"status-publish","4":"has-post-thumbnail","6":"product_cat-all-languages-courses","7":"product_cat-russian","8":"product_tag-learn-russian-private","10":"first","11":"instock","12":"sold-individually","13":"shipping-taxable","14":"purchasable","15":"product-type-variable"},"_links":{"self":[{"href":"https:\/\/letsspeaktogether.com\/fr\/wp-json\/wp\/v2\/product\/721","targetHints":{"allow":["GET"]}}],"collection":[{"href":"https:\/\/letsspeaktogether.com\/fr\/wp-json\/wp\/v2\/product"}],"about":[{"href":"https:\/\/letsspeaktogether.com\/fr\/wp-json\/wp\/v2\/types\/product"}],"version-history":[{"count":0,"href":"https:\/\/letsspeaktogether.com\/fr\/wp-json\/wp\/v2\/product\/721\/revisions"}],"wp:featuredmedia":[{"embeddable":true,"href":"https:\/\/letsspeaktogether.com\/fr\/wp-json\/wp\/v2\/media\/2560"}],"wp:attachment":[{"href":"https:\/\/letsspeaktogether.com\/fr\/wp-json\/wp\/v2\/media?parent=721"}],"wp:term":[{"taxonomy":"product_brand","embeddable":true,"href":"https:\/\/letsspeaktogether.com\/fr\/wp-json\/wp\/v2\/product_brand?post=721"},{"taxonomy":"product_cat","embeddable":true,"href":"https:\/\/letsspeaktogether.com\/fr\/wp-json\/wp\/v2\/product_cat?post=721"},{"taxonomy":"product_tag","embeddable":true,"href":"https:\/\/letsspeaktogether.com\/fr\/wp-json\/wp\/v2\/product_tag?post=721"}],"curies":[{"name":"wp","href":"https:\/\/api.w.org\/{rel}","templated":true}]}}