{"id":659,"date":"2020-08-09T09:18:11","date_gmt":"2020-08-09T06:18:11","guid":{"rendered":"https:\/\/letsspeaktogether.marketup.pro\/product\/learn-business-russian\/"},"modified":"2021-10-12T22:44:06","modified_gmt":"2021-10-12T19:44:06","slug":"learn-business-russian","status":"publish","type":"product","link":"https:\/\/letsspeaktogether.com\/fr\/produit-2\/learn-business-russian\/","title":{"rendered":"Apprendre le russe des affaires"},"content":{"rendered":"","protected":false},"excerpt":{"rendered":"<h4>Apprendre le russe des affaires<\/h4>\n<p class=\"p1\"><strong>Cours de commerce en ligne, en personne ou en groupe, avec les tuteurs les plus qualifi\u00e9s, programme personnalis\u00e9 et horaires flexibles.<\/strong><\/p>\n<p class=\"p1\">Ce cours est con\u00e7u pour vous apprendre \u00e0 communiquer efficacement dans un contexte professionnel et \u00e0 atteindre vos objectifs professionnels. Il vous permet d\u2019am\u00e9liorer la lecture, l\u2019\u00e9criture, l\u2019\u00e9coute et la parole, et d\u2019apprendre la terminologie et les comp\u00e9tences que vous pouvez appliquer aux n\u00e9gociations d\u2019affaires, aux conversations t\u00e9l\u00e9phoniques, aux rapports \u00e9crits, aux courriels et aux pr\u00e9sentations professionnelles.<\/p>\n<p class=\"p1\"><strong>Si vous souhaitez prendre des le\u00e7ons avec un ami c\u2019est le cours pour vous!\u00a0<\/strong>Apprendre en groupe rend l\u2019exp\u00e9rience d\u2019apprentissage beaucoup plus m\u00e9morable et amusante en raison de l\u2019interaction personnelle, mais vous pouvez \u00e9galement vous soutenir les uns les autres!<\/p>\n<p class=\"p1\"><strong>Choisissez le nombre de le\u00e7ons qui conviennent le mieux \u00e0 vos besoins ou <a href=\"https:\/\/letsspeaktogether.com\/fr\/request-your-free-lesson\/\">Demandez une le\u00e7on gratuite<\/a> qui permettra \u00e0 l'enseignant d'\u00e9valuer le niveau de vos connaissances et de vous aider \u00e0 choisir le forfait qui vous convient le mieux.<\/strong><\/p>\n<p><a href=\"https:\/\/letsspeaktogether.com\/fr\/contact-us\/\"><em>*Si vous \u00eates un groupe de plus de 2 personnes entrer en contact avec nous directement, pour organiser vos le\u00e7ons!<\/em><\/a><\/p>","protected":false},"featured_media":2557,"template":"","meta":[],"product_brand":[],"product_cat":[23,25,40],"product_tag":[53],"class_list":{"0":"post-659","1":"product","2":"type-product","3":"status-publish","4":"has-post-thumbnail","6":"product_cat-all-languages-courses","7":"product_cat-business-language-courses","8":"product_cat-russian","9":"product_tag-learn-business-russian","11":"first","12":"instock","13":"sold-individually","14":"shipping-taxable","15":"purchasable","16":"product-type-variable"},"_links":{"self":[{"href":"https:\/\/letsspeaktogether.com\/fr\/wp-json\/wp\/v2\/product\/659","targetHints":{"allow":["GET"]}}],"collection":[{"href":"https:\/\/letsspeaktogether.com\/fr\/wp-json\/wp\/v2\/product"}],"about":[{"href":"https:\/\/letsspeaktogether.com\/fr\/wp-json\/wp\/v2\/types\/product"}],"version-history":[{"count":0,"href":"https:\/\/letsspeaktogether.com\/fr\/wp-json\/wp\/v2\/product\/659\/revisions"}],"wp:featuredmedia":[{"embeddable":true,"href":"https:\/\/letsspeaktogether.com\/fr\/wp-json\/wp\/v2\/media\/2557"}],"wp:attachment":[{"href":"https:\/\/letsspeaktogether.com\/fr\/wp-json\/wp\/v2\/media?parent=659"}],"wp:term":[{"taxonomy":"product_brand","embeddable":true,"href":"https:\/\/letsspeaktogether.com\/fr\/wp-json\/wp\/v2\/product_brand?post=659"},{"taxonomy":"product_cat","embeddable":true,"href":"https:\/\/letsspeaktogether.com\/fr\/wp-json\/wp\/v2\/product_cat?post=659"},{"taxonomy":"product_tag","embeddable":true,"href":"https:\/\/letsspeaktogether.com\/fr\/wp-json\/wp\/v2\/product_tag?post=659"}],"curies":[{"name":"wp","href":"https:\/\/api.w.org\/{rel}","templated":true}]}}