{"id":654,"date":"2020-08-09T09:17:53","date_gmt":"2020-08-09T06:17:53","guid":{"rendered":"https:\/\/letsspeaktogether.marketup.pro\/product\/learn-english-for-travel\/"},"modified":"2021-10-12T22:44:30","modified_gmt":"2021-10-12T19:44:30","slug":"learn-english-for-travel","status":"publish","type":"product","link":"https:\/\/letsspeaktogether.com\/fr\/produit-2\/learn-english-for-travel\/","title":{"rendered":"Apprendre l\u2019anglais pour voyager"},"content":{"rendered":"","protected":false},"excerpt":{"rendered":"<h4>Apprendre l\u2019anglais pour voyager<\/h4>\n<p class=\"p1\"><strong>Cours de voyage en ligne, en personne ou en groupe, avec les tuteurs les plus qualifi\u00e9s, programme personnalis\u00e9 et horaires flexibles.<\/strong><\/p>\n<p class=\"p1\">\u00catre capable de parler la langue dans un pays \u00e9tranger est un excellent moyen de se connecter avec la culture locale et d\u2019acqu\u00e9rir des exp\u00e9riences culturelles authentiques. Notre cours sp\u00e9cialis\u00e9 est con\u00e7u pour les voyageurs qui veulent apprendre \u00e0 communiquer efficacement, \u00e0 am\u00e9liorer leurs comp\u00e9tences en lecture, \u00e9criture, \u00e9coute et parler.<\/p>\n<p class=\"p1\"><strong>Si vous souhaitez prendre des le\u00e7ons avec un ami c\u2019est le cours pour vous!<\/strong> Apprendre en groupe rend l\u2019exp\u00e9rience d\u2019apprentissage beaucoup plus m\u00e9morable et amusante en raison de l\u2019interaction personnelle, mais vous pouvez \u00e9galement vous soutenir les uns les autres!<\/p>\n<p class=\"p1\"><strong>Choisissez le nombre de le\u00e7ons qui conviennent le mieux \u00e0 vos besoins ou <a href=\"https:\/\/letsspeaktogether.com\/fr\/request-your-free-lesson\/\">Demandez une le\u00e7on gratuite<\/a> qui permettra \u00e0 l'enseignant d'\u00e9valuer le niveau de vos connaissances et de vous aider \u00e0 choisir le forfait qui vous convient le mieux.<\/strong><\/p>\n<p><a href=\"https:\/\/letsspeaktogether.com\/fr\/contact-us\/\"><em>*Si vous \u00eates un groupe de plus de 2 personnes entrer en contact avec nous directement, pour organiser vos le\u00e7ons!<\/em><\/a><\/p>\n<p class=\"p1\">","protected":false},"featured_media":2531,"template":"","meta":[],"product_brand":[],"product_cat":[23,22,32],"product_tag":[52],"class_list":{"0":"post-654","1":"product","2":"type-product","3":"status-publish","4":"has-post-thumbnail","6":"product_cat-all-languages-courses","7":"product_cat-courses-for-travel","8":"product_cat-english","9":"product_tag-learn-english-for-travel","11":"first","12":"instock","13":"featured","14":"sold-individually","15":"shipping-taxable","16":"purchasable","17":"product-type-variable"},"_links":{"self":[{"href":"https:\/\/letsspeaktogether.com\/fr\/wp-json\/wp\/v2\/product\/654","targetHints":{"allow":["GET"]}}],"collection":[{"href":"https:\/\/letsspeaktogether.com\/fr\/wp-json\/wp\/v2\/product"}],"about":[{"href":"https:\/\/letsspeaktogether.com\/fr\/wp-json\/wp\/v2\/types\/product"}],"version-history":[{"count":0,"href":"https:\/\/letsspeaktogether.com\/fr\/wp-json\/wp\/v2\/product\/654\/revisions"}],"wp:featuredmedia":[{"embeddable":true,"href":"https:\/\/letsspeaktogether.com\/fr\/wp-json\/wp\/v2\/media\/2531"}],"wp:attachment":[{"href":"https:\/\/letsspeaktogether.com\/fr\/wp-json\/wp\/v2\/media?parent=654"}],"wp:term":[{"taxonomy":"product_brand","embeddable":true,"href":"https:\/\/letsspeaktogether.com\/fr\/wp-json\/wp\/v2\/product_brand?post=654"},{"taxonomy":"product_cat","embeddable":true,"href":"https:\/\/letsspeaktogether.com\/fr\/wp-json\/wp\/v2\/product_cat?post=654"},{"taxonomy":"product_tag","embeddable":true,"href":"https:\/\/letsspeaktogether.com\/fr\/wp-json\/wp\/v2\/product_tag?post=654"}],"curies":[{"name":"wp","href":"https:\/\/api.w.org\/{rel}","templated":true}]}}