{"id":628,"date":"2020-08-09T09:12:42","date_gmt":"2020-08-09T06:12:42","guid":{"rendered":"https:\/\/letsspeaktogether.marketup.pro\/product\/learn-english-in-groups\/"},"modified":"2021-10-12T22:45:03","modified_gmt":"2021-10-12T19:45:03","slug":"learn-english-in-groups","status":"publish","type":"product","link":"https:\/\/letsspeaktogether.com\/fr\/produit-2\/learn-english-in-groups\/","title":{"rendered":"Apprendre l'anglais - Cours collectifs"},"content":{"rendered":"","protected":false},"excerpt":{"rendered":"<h4>Apprendre l\u2019anglais - Le\u00e7ons de groupe<\/h4>\n<p class=\"p1\"><strong>Si vous souhaitez prendre des le\u00e7ons avec un ami c\u2019est le cours pour vous!<\/strong> Apprendre en groupe rend l\u2019exp\u00e9rience d\u2019apprentissage beaucoup plus m\u00e9morable et amusante en raison de l\u2019interaction personnelle, mais vous pouvez \u00e9galement vous soutenir les uns les autres!<\/p>\n<p class=\"p1\">Le\u00e7ons en ligne en groupes de 2 personnes, avec les tuteurs les plus qualifi\u00e9s, programme personnalis\u00e9 et horaires flexibles.<\/p>\n<p class=\"p1\">Choisissez le niveau et le nombre de le\u00e7ons qui conviennent le mieux \u00e0 vos besoins ou <a href=\"https:\/\/letsspeaktogether.com\/fr\/request-your-free-lesson\/\">Demandez une le\u00e7on gratuite<\/a> qui permettra \u00e0 l'enseignant d'\u00e9valuer le niveau de vos connaissances et de vous aider \u00e0 choisir le forfait qui vous convient le mieux.<\/p>\n<p><a href=\"https:\/\/letsspeaktogether.com\/fr\/contact-us\/\"><em> *Si vous \u00eates un groupe de plus de 2 personnes entrer en contact avec nous directement, pour organiser vos le\u00e7ons!<\/em><\/a><\/p>","protected":false},"featured_media":2529,"template":"","meta":[],"product_brand":[],"product_cat":[23,32],"product_tag":[50],"class_list":{"0":"post-628","1":"product","2":"type-product","3":"status-publish","4":"has-post-thumbnail","6":"product_cat-all-languages-courses","7":"product_cat-english","8":"product_tag-learn-english","10":"first","11":"instock","12":"sold-individually","13":"shipping-taxable","14":"purchasable","15":"product-type-variable"},"_links":{"self":[{"href":"https:\/\/letsspeaktogether.com\/fr\/wp-json\/wp\/v2\/product\/628","targetHints":{"allow":["GET"]}}],"collection":[{"href":"https:\/\/letsspeaktogether.com\/fr\/wp-json\/wp\/v2\/product"}],"about":[{"href":"https:\/\/letsspeaktogether.com\/fr\/wp-json\/wp\/v2\/types\/product"}],"version-history":[{"count":0,"href":"https:\/\/letsspeaktogether.com\/fr\/wp-json\/wp\/v2\/product\/628\/revisions"}],"wp:featuredmedia":[{"embeddable":true,"href":"https:\/\/letsspeaktogether.com\/fr\/wp-json\/wp\/v2\/media\/2529"}],"wp:attachment":[{"href":"https:\/\/letsspeaktogether.com\/fr\/wp-json\/wp\/v2\/media?parent=628"}],"wp:term":[{"taxonomy":"product_brand","embeddable":true,"href":"https:\/\/letsspeaktogether.com\/fr\/wp-json\/wp\/v2\/product_brand?post=628"},{"taxonomy":"product_cat","embeddable":true,"href":"https:\/\/letsspeaktogether.com\/fr\/wp-json\/wp\/v2\/product_cat?post=628"},{"taxonomy":"product_tag","embeddable":true,"href":"https:\/\/letsspeaktogether.com\/fr\/wp-json\/wp\/v2\/product_tag?post=628"}],"curies":[{"name":"wp","href":"https:\/\/api.w.org\/{rel}","templated":true}]}}