{"id":478,"date":"2020-08-09T08:51:17","date_gmt":"2020-08-09T05:51:17","guid":{"rendered":"https:\/\/letsspeaktogether.marketup.pro\/product\/learn-french-private\/"},"modified":"2021-10-12T22:49:16","modified_gmt":"2021-10-12T19:49:16","slug":"learn-french-private","status":"publish","type":"product","link":"https:\/\/letsspeaktogether.com\/fr\/produit-2\/learn-french-private\/","title":{"rendered":"Apprendre le fran\u00e7ais \u2013 Le\u00e7ons priv\u00e9es"},"content":{"rendered":"","protected":false},"excerpt":{"rendered":"<h4>Apprenez Fran\u00e7ais<\/h4>\n<p>Des cours en ligne individuels avec Fran\u00e7ais avec les tuteurs les plus exp\u00e9riment\u00e9s, un programme d\u2019\u00e9tudes personnalis\u00e9 et des horaires flexibles.<\/p>\n<div class=\"woocommerce-product-details__short-description description\">\n<div class=\"woocommerce-product-details__short-description description\">\n<p class=\"p1\">Choisissez le niveau et le nombre de le\u00e7ons qui correspondent le mieux \u00e0 vos besoins ou\u00a0<a href=\"https:\/\/letsspeaktogether.com\/fr\/request-your-free-lesson\/\">Demandez une le\u00e7on gratuite<\/a>\u00a0qui permettra \u00e0 l'enseignant d'\u00e9valuer le niveau de vos connaissances et de vous aider \u00e0 choisir le forfait qui vous convient le mieux.<\/p>\n<\/div>\n<\/div>","protected":false},"featured_media":2535,"template":"","meta":[],"product_brand":[],"product_cat":[23,38],"product_tag":[39],"class_list":{"0":"post-478","1":"product","2":"type-product","3":"status-publish","4":"has-post-thumbnail","6":"product_cat-all-languages-courses","7":"product_cat-french","8":"product_tag-learn-french","10":"first","11":"instock","12":"sold-individually","13":"shipping-taxable","14":"purchasable","15":"product-type-variable"},"_links":{"self":[{"href":"https:\/\/letsspeaktogether.com\/fr\/wp-json\/wp\/v2\/product\/478","targetHints":{"allow":["GET"]}}],"collection":[{"href":"https:\/\/letsspeaktogether.com\/fr\/wp-json\/wp\/v2\/product"}],"about":[{"href":"https:\/\/letsspeaktogether.com\/fr\/wp-json\/wp\/v2\/types\/product"}],"version-history":[{"count":0,"href":"https:\/\/letsspeaktogether.com\/fr\/wp-json\/wp\/v2\/product\/478\/revisions"}],"wp:featuredmedia":[{"embeddable":true,"href":"https:\/\/letsspeaktogether.com\/fr\/wp-json\/wp\/v2\/media\/2535"}],"wp:attachment":[{"href":"https:\/\/letsspeaktogether.com\/fr\/wp-json\/wp\/v2\/media?parent=478"}],"wp:term":[{"taxonomy":"product_brand","embeddable":true,"href":"https:\/\/letsspeaktogether.com\/fr\/wp-json\/wp\/v2\/product_brand?post=478"},{"taxonomy":"product_cat","embeddable":true,"href":"https:\/\/letsspeaktogether.com\/fr\/wp-json\/wp\/v2\/product_cat?post=478"},{"taxonomy":"product_tag","embeddable":true,"href":"https:\/\/letsspeaktogether.com\/fr\/wp-json\/wp\/v2\/product_tag?post=478"}],"curies":[{"name":"wp","href":"https:\/\/api.w.org\/{rel}","templated":true}]}}