{"id":401,"date":"2020-08-09T08:43:33","date_gmt":"2020-08-09T05:43:33","guid":{"rendered":"https:\/\/letsspeaktogether.marketup.pro\/product\/learn-greek-private\/"},"modified":"2021-10-12T22:51:03","modified_gmt":"2021-10-12T19:51:03","slug":"learn-greek-private","status":"publish","type":"product","link":"https:\/\/letsspeaktogether.com\/fr\/produit-2\/learn-greek-private\/","title":{"rendered":"Apprendre le grec - Le\u00e7ons priv\u00e9es"},"content":{"rendered":"","protected":false},"excerpt":{"rendered":"<h4>Apprendre le grec priv\u00e9<\/h4>\n<p>Cours de grec en ligne individuels avec les tuteurs les plus exp\u00e9riment\u00e9s, programme personnalis\u00e9 et horaires flexibles.<\/p>\n<p>Choisissez le niveau et le nombre de le\u00e7ons qui correspondent le mieux \u00e0 vos besoins ou <a href=\"https:\/\/letsspeaktogether.com\/fr\/request-your-free-lesson\/\">Demandez une le\u00e7on gratuite<\/a> qui permettra \u00e0 l'enseignant d'\u00e9valuer le niveau de vos connaissances et de vous aider \u00e0 choisir le forfait qui vous convient le mieux.<\/p>","protected":false},"featured_media":2545,"template":"","meta":[],"product_brand":[],"product_cat":[23,28],"product_tag":[31],"class_list":{"0":"post-401","1":"product","2":"type-product","3":"status-publish","4":"has-post-thumbnail","6":"product_cat-all-languages-courses","7":"product_cat-greek","8":"product_tag-learn-greek-private","10":"first","11":"instock","12":"sold-individually","13":"shipping-taxable","14":"purchasable","15":"product-type-variable"},"_links":{"self":[{"href":"https:\/\/letsspeaktogether.com\/fr\/wp-json\/wp\/v2\/product\/401","targetHints":{"allow":["GET"]}}],"collection":[{"href":"https:\/\/letsspeaktogether.com\/fr\/wp-json\/wp\/v2\/product"}],"about":[{"href":"https:\/\/letsspeaktogether.com\/fr\/wp-json\/wp\/v2\/types\/product"}],"version-history":[{"count":0,"href":"https:\/\/letsspeaktogether.com\/fr\/wp-json\/wp\/v2\/product\/401\/revisions"}],"wp:featuredmedia":[{"embeddable":true,"href":"https:\/\/letsspeaktogether.com\/fr\/wp-json\/wp\/v2\/media\/2545"}],"wp:attachment":[{"href":"https:\/\/letsspeaktogether.com\/fr\/wp-json\/wp\/v2\/media?parent=401"}],"wp:term":[{"taxonomy":"product_brand","embeddable":true,"href":"https:\/\/letsspeaktogether.com\/fr\/wp-json\/wp\/v2\/product_brand?post=401"},{"taxonomy":"product_cat","embeddable":true,"href":"https:\/\/letsspeaktogether.com\/fr\/wp-json\/wp\/v2\/product_cat?post=401"},{"taxonomy":"product_tag","embeddable":true,"href":"https:\/\/letsspeaktogether.com\/fr\/wp-json\/wp\/v2\/product_tag?post=401"}],"curies":[{"name":"wp","href":"https:\/\/api.w.org\/{rel}","templated":true}]}}