{"id":332,"date":"2020-08-09T08:38:23","date_gmt":"2020-08-09T05:38:23","guid":{"rendered":"https:\/\/letsspeaktogether.marketup.pro\/product\/turkish-group-lessons\/"},"modified":"2021-10-12T22:53:12","modified_gmt":"2021-10-12T19:53:12","slug":"turkish-group-lessons","status":"publish","type":"product","link":"https:\/\/letsspeaktogether.com\/fr\/produit-2\/turkish-group-lessons\/","title":{"rendered":"Turc \u2013 Cours collectifs"},"content":{"rendered":"","protected":false},"excerpt":{"rendered":"<p class=\"p1\"><strong>Si vous souhaitez prendre des le\u00e7ons avec un ami c\u2019est le cours pour vous!<\/strong> Apprendre en groupe rend l\u2019exp\u00e9rience d\u2019apprentissage beaucoup plus m\u00e9morable et amusante en raison de l\u2019interaction personnelle, mais vous pouvez \u00e9galement vous soutenir les uns les autres!<\/p>\n<p class=\"p1\">Le\u00e7ons en ligne de turc en groupes de 2 personnes, avec les tuteurs les plus qualifi\u00e9s, programme personnalis\u00e9 et horaires flexibles.<\/p>\n<p class=\"p1\">Choisissez le niveau et le nombre de le\u00e7ons qui conviennent le mieux \u00e0 vos besoins ou <a href=\"https:\/\/letsspeaktogether.com\/fr\/request-your-free-lesson\/\">Demandez une le\u00e7on gratuite<\/a> qui permettra \u00e0 l'enseignant d'\u00e9valuer le niveau de vos connaissances et de vous aider \u00e0 choisir le forfait qui vous convient le mieux.<\/p>\n<p><a href=\"https:\/\/letsspeaktogether.com\/fr\/contact-us\/\"><em> *Si vous \u00eates un groupe de plus de 2 personnes entrer en contact avec nous directement, pour organiser vos le\u00e7ons!<\/em><\/a><\/p>","protected":false},"featured_media":2569,"template":"","meta":[],"product_brand":[],"product_cat":[23,24],"product_tag":[],"class_list":{"0":"post-332","1":"product","2":"type-product","3":"status-publish","4":"has-post-thumbnail","6":"product_cat-all-languages-courses","7":"product_cat-turkish","9":"first","10":"instock","11":"sold-individually","12":"shipping-taxable","13":"purchasable","14":"product-type-variable"},"_links":{"self":[{"href":"https:\/\/letsspeaktogether.com\/fr\/wp-json\/wp\/v2\/product\/332","targetHints":{"allow":["GET"]}}],"collection":[{"href":"https:\/\/letsspeaktogether.com\/fr\/wp-json\/wp\/v2\/product"}],"about":[{"href":"https:\/\/letsspeaktogether.com\/fr\/wp-json\/wp\/v2\/types\/product"}],"version-history":[{"count":0,"href":"https:\/\/letsspeaktogether.com\/fr\/wp-json\/wp\/v2\/product\/332\/revisions"}],"wp:featuredmedia":[{"embeddable":true,"href":"https:\/\/letsspeaktogether.com\/fr\/wp-json\/wp\/v2\/media\/2569"}],"wp:attachment":[{"href":"https:\/\/letsspeaktogether.com\/fr\/wp-json\/wp\/v2\/media?parent=332"}],"wp:term":[{"taxonomy":"product_brand","embeddable":true,"href":"https:\/\/letsspeaktogether.com\/fr\/wp-json\/wp\/v2\/product_brand?post=332"},{"taxonomy":"product_cat","embeddable":true,"href":"https:\/\/letsspeaktogether.com\/fr\/wp-json\/wp\/v2\/product_cat?post=332"},{"taxonomy":"product_tag","embeddable":true,"href":"https:\/\/letsspeaktogether.com\/fr\/wp-json\/wp\/v2\/product_tag?post=332"}],"curies":[{"name":"wp","href":"https:\/\/api.w.org\/{rel}","templated":true}]}}