{"id":771,"date":"2020-08-26T16:21:48","date_gmt":"2020-08-26T13:21:48","guid":{"rendered":"https:\/\/letsspeaktogether.marketup.pro\/product\/learn-portuguese-private\/"},"modified":"2021-10-12T22:37:39","modified_gmt":"2021-10-12T19:37:39","slug":"learn-portuguese-private","status":"publish","type":"product","link":"https:\/\/letsspeaktogether.com\/es\/producto-2\/learn-portuguese-private\/","title":{"rendered":"Portugu\u00e9s - Clases particulares"},"content":{"rendered":"","protected":false},"excerpt":{"rendered":"<h4>Aprender portugu\u00e9s privado<\/h4>\n<p>Clases individuales de portugu\u00e9s en l\u00ednea con los tutores m\u00e1s experimentados, plan de estudios personalizado y horarios flexibles.<\/p>\n<p>Elige el nivel y el n\u00famero de clases que se adapten a tus necesidades o <a href=\"https:\/\/letsspeaktogether.com\/es\/request-your-free-lesson\/\">Pide una lecci\u00f3n gratis<\/a> el cual auydar\u00e1 a tu profesor\/a evaluar tu nivel de conocimientos y as\u00ed elegir el paquete que es mejor para ti.<\/p>","protected":false},"featured_media":2555,"template":"","meta":[],"product_brand":[],"product_cat":[23,64],"product_tag":[65],"class_list":{"0":"post-771","1":"product","2":"type-product","3":"status-publish","4":"has-post-thumbnail","6":"product_cat-all-languages-courses","7":"product_cat-portuguese","8":"product_tag-learn-portuguese-private","10":"first","11":"instock","12":"sold-individually","13":"shipping-taxable","14":"purchasable","15":"product-type-variable"},"_links":{"self":[{"href":"https:\/\/letsspeaktogether.com\/es\/wp-json\/wp\/v2\/product\/771","targetHints":{"allow":["GET"]}}],"collection":[{"href":"https:\/\/letsspeaktogether.com\/es\/wp-json\/wp\/v2\/product"}],"about":[{"href":"https:\/\/letsspeaktogether.com\/es\/wp-json\/wp\/v2\/types\/product"}],"version-history":[{"count":0,"href":"https:\/\/letsspeaktogether.com\/es\/wp-json\/wp\/v2\/product\/771\/revisions"}],"wp:featuredmedia":[{"embeddable":true,"href":"https:\/\/letsspeaktogether.com\/es\/wp-json\/wp\/v2\/media\/2555"}],"wp:attachment":[{"href":"https:\/\/letsspeaktogether.com\/es\/wp-json\/wp\/v2\/media?parent=771"}],"wp:term":[{"taxonomy":"product_brand","embeddable":true,"href":"https:\/\/letsspeaktogether.com\/es\/wp-json\/wp\/v2\/product_brand?post=771"},{"taxonomy":"product_cat","embeddable":true,"href":"https:\/\/letsspeaktogether.com\/es\/wp-json\/wp\/v2\/product_cat?post=771"},{"taxonomy":"product_tag","embeddable":true,"href":"https:\/\/letsspeaktogether.com\/es\/wp-json\/wp\/v2\/product_tag?post=771"}],"curies":[{"name":"wp","href":"https:\/\/api.w.org\/{rel}","templated":true}]}}