{"id":766,"date":"2020-08-09T09:28:33","date_gmt":"2020-08-09T06:28:33","guid":{"rendered":"https:\/\/letsspeaktogether.marketup.pro\/product\/learn-russian-for-travel\/"},"modified":"2021-10-12T22:38:00","modified_gmt":"2021-10-12T19:38:00","slug":"learn-russian-for-travel","status":"publish","type":"product","link":"https:\/\/letsspeaktogether.com\/es\/producto-2\/learn-russian-for-travel\/","title":{"rendered":"Ruso para viajar"},"content":{"rendered":"","protected":false},"excerpt":{"rendered":"<p class=\"p1\"><strong>Aprenda ruso para viajar: lecciones de viaje en l\u00ednea, individuales o en grupos, con los tutores m\u00e1s calificados, plan de estudios personalizado y horarios flexibles.<\/strong><\/p>\n<p class=\"p1\">Poder hablar el idioma en un pa\u00eds extranjero es la mejor manera para conectarte con la cultura local y obtener experiencias culturales \u00fanicas. Nuestra clase especializada est\u00e1 dise\u00f1ada exclusivamente para viajeros para poder aprender a comunicar eficazmente, mejorar sus destrezas lectoras, escritas, auditivas y orales.<\/p>\n<p class=\"p1\"><strong>Si quieres tomar clases junto con un amigo\/a, este es el curso adecuado para vosotros!<\/strong> La ense\u00f1anza en grupo rende la experiencia de aprendizaje mucho m\u00e1s agradable y divertida a causa de la interacci\u00f3n personal, pero, \u00a1 tambi\u00e9n pod\u00e9is apoyar el uno al otro!<\/p>\n<p class=\"p1\"><strong>Elige el nivel y el n\u00famero de lecciones que se adapten a tus necesidades o <a href=\"https:\/\/letsspeaktogether.com\/es\/request-your-free-lesson\/\">Pide una lecci\u00f3n gratis<\/a> el cual auydar\u00e1 a tu profesor\/a evaluar tu nivel de conocimientos y as\u00ed elegir el paquete que es mejor para ti.<\/strong><\/p>\n<p><a href=\"https:\/\/letsspeaktogether.com\/es\/contact-us\/\"><em>*Si sois un grupo de m\u00e1s de 2 personas, \u00a1contacta con nosotros para planear las clases!<\/em><\/a><\/p>\n<p class=\"p1\">","protected":false},"featured_media":2561,"template":"","meta":[],"product_brand":[],"product_cat":[23,22,40],"product_tag":[],"class_list":{"0":"post-766","1":"product","2":"type-product","3":"status-publish","4":"has-post-thumbnail","6":"product_cat-all-languages-courses","7":"product_cat-courses-for-travel","8":"product_cat-russian","10":"first","11":"instock","12":"featured","13":"sold-individually","14":"shipping-taxable","15":"purchasable","16":"product-type-variable"},"_links":{"self":[{"href":"https:\/\/letsspeaktogether.com\/es\/wp-json\/wp\/v2\/product\/766","targetHints":{"allow":["GET"]}}],"collection":[{"href":"https:\/\/letsspeaktogether.com\/es\/wp-json\/wp\/v2\/product"}],"about":[{"href":"https:\/\/letsspeaktogether.com\/es\/wp-json\/wp\/v2\/types\/product"}],"version-history":[{"count":0,"href":"https:\/\/letsspeaktogether.com\/es\/wp-json\/wp\/v2\/product\/766\/revisions"}],"wp:featuredmedia":[{"embeddable":true,"href":"https:\/\/letsspeaktogether.com\/es\/wp-json\/wp\/v2\/media\/2561"}],"wp:attachment":[{"href":"https:\/\/letsspeaktogether.com\/es\/wp-json\/wp\/v2\/media?parent=766"}],"wp:term":[{"taxonomy":"product_brand","embeddable":true,"href":"https:\/\/letsspeaktogether.com\/es\/wp-json\/wp\/v2\/product_brand?post=766"},{"taxonomy":"product_cat","embeddable":true,"href":"https:\/\/letsspeaktogether.com\/es\/wp-json\/wp\/v2\/product_cat?post=766"},{"taxonomy":"product_tag","embeddable":true,"href":"https:\/\/letsspeaktogether.com\/es\/wp-json\/wp\/v2\/product_tag?post=766"}],"curies":[{"name":"wp","href":"https:\/\/api.w.org\/{rel}","templated":true}]}}