{"id":659,"date":"2020-08-09T09:18:11","date_gmt":"2020-08-09T06:18:11","guid":{"rendered":"https:\/\/letsspeaktogether.marketup.pro\/product\/learn-business-russian\/"},"modified":"2021-10-12T22:44:06","modified_gmt":"2021-10-12T19:44:06","slug":"learn-business-russian","status":"publish","type":"product","link":"https:\/\/letsspeaktogether.com\/es\/producto-2\/learn-business-russian\/","title":{"rendered":"Aprende ruso profesional"},"content":{"rendered":"","protected":false},"excerpt":{"rendered":"<h4>Aprende ruso profesional<\/h4>\n<p class=\"p1\"><strong>Clases virtuales para empresas, en clases indiduales o en grupos con los profesores m\u00e1s expertos, un curriculum adaptado y en horas flexibles.<\/strong><\/p>\n<p class=\"p1\">Este curso est\u00e1 dise\u00f1ado para ense\u00f1aros a comunicar eficazmente en un ambiente profesional y lograr vuestras metas profesionales. Os da la oportunidad de mejorar la lectura, la escritura, la destreza auditiva y oral y aprender terminolog\u00eda que pod\u00e9is aplicar en vuestras negociaciones profesionales, llamadas telef\u00f3nicas, relatos escritos, correos electr\u00f3nicos y presentaciones profesionales.<\/p>\n<p class=\"p1\"><strong>Si quieres tomar clases junto con un amigo\/a, este es el curso adecuado para vosotros!\u00a0<\/strong>La ense\u00f1anza en grupo rende la experiencia de aprendizaje mucho m\u00e1s agradable y divertida a causa de la interacci\u00f3n personal, pero, \u00a1 tambi\u00e9n pod\u00e9is apoyar el uno al otro!<\/p>\n<p class=\"p1\"><strong>Elige el nivel y el n\u00famero de lecciones que se adapten a tus necesidades o <a href=\"https:\/\/letsspeaktogether.com\/es\/request-your-free-lesson\/\">Pide una lecci\u00f3n gratis<\/a> lo que permitir\u00e1 a tu profesor\/a evaluar tu nivel de conocimientos y te ayudar\u00e1 elegir el paquete de clases que es mejor para ti.<\/strong><\/p>\n<p><a href=\"https:\/\/letsspeaktogether.com\/es\/contact-us\/\"><em>*Si sois un grupo de m\u00e1s de 2 personas, \u00a1contacta con nosotros para planear las clases!<\/em><\/a><\/p>","protected":false},"featured_media":2557,"template":"","meta":[],"product_brand":[],"product_cat":[23,25,40],"product_tag":[53],"class_list":{"0":"post-659","1":"product","2":"type-product","3":"status-publish","4":"has-post-thumbnail","6":"product_cat-all-languages-courses","7":"product_cat-business-language-courses","8":"product_cat-russian","9":"product_tag-learn-business-russian","11":"first","12":"instock","13":"sold-individually","14":"shipping-taxable","15":"purchasable","16":"product-type-variable"},"_links":{"self":[{"href":"https:\/\/letsspeaktogether.com\/es\/wp-json\/wp\/v2\/product\/659","targetHints":{"allow":["GET"]}}],"collection":[{"href":"https:\/\/letsspeaktogether.com\/es\/wp-json\/wp\/v2\/product"}],"about":[{"href":"https:\/\/letsspeaktogether.com\/es\/wp-json\/wp\/v2\/types\/product"}],"version-history":[{"count":0,"href":"https:\/\/letsspeaktogether.com\/es\/wp-json\/wp\/v2\/product\/659\/revisions"}],"wp:featuredmedia":[{"embeddable":true,"href":"https:\/\/letsspeaktogether.com\/es\/wp-json\/wp\/v2\/media\/2557"}],"wp:attachment":[{"href":"https:\/\/letsspeaktogether.com\/es\/wp-json\/wp\/v2\/media?parent=659"}],"wp:term":[{"taxonomy":"product_brand","embeddable":true,"href":"https:\/\/letsspeaktogether.com\/es\/wp-json\/wp\/v2\/product_brand?post=659"},{"taxonomy":"product_cat","embeddable":true,"href":"https:\/\/letsspeaktogether.com\/es\/wp-json\/wp\/v2\/product_cat?post=659"},{"taxonomy":"product_tag","embeddable":true,"href":"https:\/\/letsspeaktogether.com\/es\/wp-json\/wp\/v2\/product_tag?post=659"}],"curies":[{"name":"wp","href":"https:\/\/api.w.org\/{rel}","templated":true}]}}