{"id":540,"date":"2020-08-09T08:57:32","date_gmt":"2020-08-09T05:57:32","guid":{"rendered":"https:\/\/letsspeaktogether.marketup.pro\/product\/learn-french-group\/"},"modified":"2021-10-12T22:47:23","modified_gmt":"2021-10-12T19:47:23","slug":"learn-french-group","status":"publish","type":"product","link":"https:\/\/letsspeaktogether.com\/es\/producto-2\/learn-french-group\/","title":{"rendered":"Aprender franc\u00e9s - Clases grupales"},"content":{"rendered":"","protected":false},"excerpt":{"rendered":"<h4>Aprende franc\u00e9s<\/h4>\n<p class=\"p1\"><strong>Si quieres tomar clases junto con un amigo\/a, este es el curso adecuado para vosotros!<\/strong> La ense\u00f1anza en grupo rende la experiencia de aprendizaje mucho m\u00e1s agradable y divertida a causa de la interacci\u00f3n personal, pero, \u00a1 tambi\u00e9n pod\u00e9is apoyar el uno al otro!<\/p>\n<p class=\"p1\">Clases virtuales en grupos de 2 personas con los mejores profesores y con un programa de estudios adaptado a las propias necesidades y en horas flexibles.<\/p>\n<p class=\"p1\">Elige el nivel y el n\u00famero de lecciones que se adapten a tus necesidades o <a href=\"https:\/\/letsspeaktogether.com\/es\/request-your-free-lesson\/\">Pide una lecci\u00f3n gratis<\/a> lo que permitir\u00e1 a tu profesor\/a evaluar tu nivel de conocimientos y te ayudar\u00e1 elegir el paquete de clases que es mejor para ti.<\/p>\n<p><a href=\"https:\/\/letsspeaktogether.com\/es\/contact-us\/\"><em> *Si sois un grupo de m\u00e1s de 2 personas, \u00a1contacta con nosotros para planear las clases!<\/em><\/a><\/p>","protected":false},"featured_media":2534,"template":"","meta":[],"product_brand":[],"product_cat":[23,38],"product_tag":[39],"class_list":{"0":"post-540","1":"product","2":"type-product","3":"status-publish","4":"has-post-thumbnail","6":"product_cat-all-languages-courses","7":"product_cat-french","8":"product_tag-learn-french","10":"first","11":"instock","12":"sold-individually","13":"shipping-taxable","14":"purchasable","15":"product-type-variable"},"_links":{"self":[{"href":"https:\/\/letsspeaktogether.com\/es\/wp-json\/wp\/v2\/product\/540","targetHints":{"allow":["GET"]}}],"collection":[{"href":"https:\/\/letsspeaktogether.com\/es\/wp-json\/wp\/v2\/product"}],"about":[{"href":"https:\/\/letsspeaktogether.com\/es\/wp-json\/wp\/v2\/types\/product"}],"version-history":[{"count":0,"href":"https:\/\/letsspeaktogether.com\/es\/wp-json\/wp\/v2\/product\/540\/revisions"}],"wp:featuredmedia":[{"embeddable":true,"href":"https:\/\/letsspeaktogether.com\/es\/wp-json\/wp\/v2\/media\/2534"}],"wp:attachment":[{"href":"https:\/\/letsspeaktogether.com\/es\/wp-json\/wp\/v2\/media?parent=540"}],"wp:term":[{"taxonomy":"product_brand","embeddable":true,"href":"https:\/\/letsspeaktogether.com\/es\/wp-json\/wp\/v2\/product_brand?post=540"},{"taxonomy":"product_cat","embeddable":true,"href":"https:\/\/letsspeaktogether.com\/es\/wp-json\/wp\/v2\/product_cat?post=540"},{"taxonomy":"product_tag","embeddable":true,"href":"https:\/\/letsspeaktogether.com\/es\/wp-json\/wp\/v2\/product_tag?post=540"}],"curies":[{"name":"wp","href":"https:\/\/api.w.org\/{rel}","templated":true}]}}