{"id":459,"date":"2020-08-09T08:50:47","date_gmt":"2020-08-09T05:50:47","guid":{"rendered":"https:\/\/letsspeaktogether.marketup.pro\/product\/learn-spanish-private\/"},"modified":"2021-10-12T22:49:38","modified_gmt":"2021-10-12T19:49:38","slug":"learn-spanish-private","status":"publish","type":"product","link":"https:\/\/letsspeaktogether.com\/es\/producto-2\/learn-spanish-private\/","title":{"rendered":"Aprender espa\u00f1ol - Clases particulares"},"content":{"rendered":"","protected":false},"excerpt":{"rendered":"<h4>Aprender espa\u00f1ol privado<\/h4>\n<p>Clases individuales de espa\u00f1ol en l\u00ednea con los tutores m\u00e1s experimentados, plan de estudios personalizado y horarios flexibles.<\/p>\n<p>Elige el nivel y el n\u00famero de clases que se adapten a tus necesidades o\u00a0<a href=\"https:\/\/letsspeaktogether.com\/es\/request-your-free-lesson\/\">Pide una lecci\u00f3n gratis<\/a>\u00a0el cual auydar\u00e1 a tu profesor\/a evaluar tu nivel de conocimientos y as\u00ed elegir el paquete que es mejor para ti.<\/p>","protected":false},"featured_media":2565,"template":"","meta":[],"product_brand":[],"product_cat":[23,36],"product_tag":[37],"class_list":{"0":"post-459","1":"product","2":"type-product","3":"status-publish","4":"has-post-thumbnail","6":"product_cat-all-languages-courses","7":"product_cat-spanish","8":"product_tag-learn-spanish-private","10":"first","11":"instock","12":"sold-individually","13":"shipping-taxable","14":"purchasable","15":"product-type-variable"},"_links":{"self":[{"href":"https:\/\/letsspeaktogether.com\/es\/wp-json\/wp\/v2\/product\/459","targetHints":{"allow":["GET"]}}],"collection":[{"href":"https:\/\/letsspeaktogether.com\/es\/wp-json\/wp\/v2\/product"}],"about":[{"href":"https:\/\/letsspeaktogether.com\/es\/wp-json\/wp\/v2\/types\/product"}],"version-history":[{"count":0,"href":"https:\/\/letsspeaktogether.com\/es\/wp-json\/wp\/v2\/product\/459\/revisions"}],"wp:featuredmedia":[{"embeddable":true,"href":"https:\/\/letsspeaktogether.com\/es\/wp-json\/wp\/v2\/media\/2565"}],"wp:attachment":[{"href":"https:\/\/letsspeaktogether.com\/es\/wp-json\/wp\/v2\/media?parent=459"}],"wp:term":[{"taxonomy":"product_brand","embeddable":true,"href":"https:\/\/letsspeaktogether.com\/es\/wp-json\/wp\/v2\/product_brand?post=459"},{"taxonomy":"product_cat","embeddable":true,"href":"https:\/\/letsspeaktogether.com\/es\/wp-json\/wp\/v2\/product_cat?post=459"},{"taxonomy":"product_tag","embeddable":true,"href":"https:\/\/letsspeaktogether.com\/es\/wp-json\/wp\/v2\/product_tag?post=459"}],"curies":[{"name":"wp","href":"https:\/\/api.w.org\/{rel}","templated":true}]}}